{"id":82,"date":"2024-10-03T22:20:54","date_gmt":"2024-10-03T20:20:54","guid":{"rendered":"https:\/\/dont-work-for-assholes.de\/jobby\/?page_id=82"},"modified":"2024-10-07T23:04:08","modified_gmt":"2024-10-07T21:04:08","slug":"jobrevolt-exklusiver-jobletter-datascientist-berlin","status":"publish","type":"page","link":"https:\/\/dont-work-for-assholes.de\/jobby\/jobrevolt-exklusiver-jobletter-datascientist-berlin\/","title":{"rendered":"JobRevolt &#8211; Exklusiver Jobletter"},"content":{"rendered":"\n<h3 class=\"wp-block-heading\">handverlesene und kuratierte exklusive Stellenangebote f\u00fcr Data Scientists in Berlin<\/h3>\n\n\n<style id=\"wpforms-css-vars-root\">\n\t\t\t\t:root {\n\t\t\t\t\t--wpforms-field-border-radius: 3px;\n--wpforms-field-border-style: solid;\n--wpforms-field-border-size: 1px;\n--wpforms-field-background-color: #ffffff;\n--wpforms-field-border-color: rgba( 0, 0, 0, 0.25 );\n--wpforms-field-border-color-spare: rgba( 0, 0, 0, 0.25 );\n--wpforms-field-text-color: rgba( 0, 0, 0, 0.7 );\n--wpforms-field-menu-color: #ffffff;\n--wpforms-label-color: rgba( 0, 0, 0, 0.85 );\n--wpforms-label-sublabel-color: rgba( 0, 0, 0, 0.55 );\n--wpforms-label-error-color: #d63637;\n--wpforms-button-border-radius: 3px;\n--wpforms-button-border-style: none;\n--wpforms-button-border-size: 1px;\n--wpforms-button-background-color: #066aab;\n--wpforms-button-border-color: #066aab;\n--wpforms-button-text-color: #ffffff;\n--wpforms-page-break-color: #066aab;\n--wpforms-background-image: none;\n--wpforms-background-position: center center;\n--wpforms-background-repeat: no-repeat;\n--wpforms-background-size: cover;\n--wpforms-background-width: 100px;\n--wpforms-background-height: 100px;\n--wpforms-background-color: rgba( 0, 0, 0, 0 );\n--wpforms-background-url: none;\n--wpforms-container-padding: 0px;\n--wpforms-container-border-style: none;\n--wpforms-container-border-width: 1px;\n--wpforms-container-border-color: #000000;\n--wpforms-container-border-radius: 3px;\n--wpforms-field-size-input-height: 43px;\n--wpforms-field-size-input-spacing: 15px;\n--wpforms-field-size-font-size: 16px;\n--wpforms-field-size-line-height: 19px;\n--wpforms-field-size-padding-h: 14px;\n--wpforms-field-size-checkbox-size: 16px;\n--wpforms-field-size-sublabel-spacing: 5px;\n--wpforms-field-size-icon-size: 1;\n--wpforms-label-size-font-size: 16px;\n--wpforms-label-size-line-height: 19px;\n--wpforms-label-size-sublabel-font-size: 14px;\n--wpforms-label-size-sublabel-line-height: 17px;\n--wpforms-button-size-font-size: 17px;\n--wpforms-button-size-height: 41px;\n--wpforms-button-size-padding-h: 15px;\n--wpforms-button-size-margin-top: 10px;\n--wpforms-container-shadow-size-box-shadow: none;\n\n\t\t\t\t}\n\t\t\t<\/style><div class=\"wpforms-container wpforms-container-full wpforms-block wpforms-block-b8f381d7-00fd-480b-aaf1-be97fe838c2b wpforms-render-modern\" id=\"wpforms-86\"><form id=\"wpforms-form-86\" class=\"wpforms-validate wpforms-form wpforms-ajax-form\" data-formid=\"86\" method=\"post\" enctype=\"multipart\/form-data\" action=\"\/jobby\/wp-json\/wp\/v2\/pages\/82\" data-token=\"086bb6c0dcbd3f074f6dff6b44787eed\" data-token-time=\"1776142971\"><noscript class=\"wpforms-error-noscript\">Bitte aktiviere JavaScript in deinem Browser, um dieses Formular fertigzustellen.<\/noscript><div class=\"wpforms-hidden\" id=\"wpforms-error-noscript\">Bitte aktiviere JavaScript in deinem Browser, um dieses Formular fertigzustellen.<\/div><div class=\"wpforms-field-container\"><div id=\"wpforms-86-field_2-container\" class=\"wpforms-field wpforms-field-email\" data-field-id=\"2\"><label class=\"wpforms-field-label\" for=\"wpforms-86-field_2\">Email <span class=\"wpforms-required-label\" aria-hidden=\"true\">*<\/span><\/label><input type=\"email\" id=\"wpforms-86-field_2\" class=\"wpforms-field-medium wpforms-field-required\" name=\"wpforms[fields][2]\" spellcheck=\"false\" aria-errormessage=\"wpforms-86-field_2-error\" required><\/div><div id=\"wpforms-86-field_3-container\" class=\"wpforms-field wpforms-field-gdpr-checkbox\" data-field-id=\"3\"><label class=\"wpforms-field-label\">DSGVO-Einverst\u00e4ndnis <span class=\"wpforms-required-label\" aria-hidden=\"true\">*<\/span><\/label><ul id=\"wpforms-86-field_3\" class=\"wpforms-field-required\"><li class=\"choice-1\"><input type=\"checkbox\" id=\"wpforms-86-field_3_1\" name=\"wpforms[fields][3][]\" value=\"Ich m\u00f6chte, dass meine Daten gespeichert und mir regelm\u00e4\u00dfig Informationen zugesendet werden. Die &lt;a href=&quot;\/jobby\/datenschutzhinweise&quot;&gt;Datenschutzerkl\u00e4rung&lt;\/a&gt; akzptiere ich.\" aria-errormessage=\"wpforms-86-field_3_1-error\" required ><label class=\"wpforms-field-label-inline\" for=\"wpforms-86-field_3_1\">Ich m\u00f6chte, dass meine Daten gespeichert und mir regelm\u00e4\u00dfig Informationen zugesendet werden. Die <a href=\"\/jobby\/datenschutzhinweise\">Datenschutzerkl\u00e4rung<\/a> akzptiere ich.<\/label><\/li><\/ul><\/div><\/div><!-- .wpforms-field-container --><div class=\"wpforms-submit-container\" ><input type=\"hidden\" name=\"wpforms[id]\" value=\"86\"><input type=\"hidden\" name=\"page_title\" value=\"\"><input type=\"hidden\" name=\"page_url\" value=\"https:\/\/dont-work-for-assholes.de\/jobby\/wp-json\/wp\/v2\/pages\/82\"><button type=\"submit\" name=\"wpforms[submit]\" id=\"wpforms-submit-86\" class=\"wpforms-submit\" data-alt-text=\"Sending...\" data-submit-text=\"Submit\" aria-live=\"assertive\" value=\"wpforms-submit\">Submit<\/button><img loading=\"lazy\" decoding=\"async\" src=\"https:\/\/dont-work-for-assholes.de\/jobby\/wp-content\/plugins\/wpforms-lite\/assets\/images\/submit-spin.svg\" class=\"wpforms-submit-spinner\" style=\"display: none;\" width=\"26\" height=\"26\" alt=\"Wird geladen\"><\/div><\/form><\/div>  <!-- .wpforms-container -->","protected":false},"excerpt":{"rendered":"<p>handverlesene und kuratierte exklusive Stellenangebote f\u00fcr Data Scientists in Berlin<\/p>\n","protected":false},"author":1,"featured_media":0,"parent":0,"menu_order":0,"comment_status":"closed","ping_status":"closed","template":"","meta":{"footnotes":""},"class_list":["post-82","page","type-page","status-publish","hentry"],"_links":{"self":[{"href":"https:\/\/dont-work-for-assholes.de\/jobby\/wp-json\/wp\/v2\/pages\/82","targetHints":{"allow":["GET"]}}],"collection":[{"href":"https:\/\/dont-work-for-assholes.de\/jobby\/wp-json\/wp\/v2\/pages"}],"about":[{"href":"https:\/\/dont-work-for-assholes.de\/jobby\/wp-json\/wp\/v2\/types\/page"}],"author":[{"embeddable":true,"href":"https:\/\/dont-work-for-assholes.de\/jobby\/wp-json\/wp\/v2\/users\/1"}],"replies":[{"embeddable":true,"href":"https:\/\/dont-work-for-assholes.de\/jobby\/wp-json\/wp\/v2\/comments?post=82"}],"version-history":[{"count":14,"href":"https:\/\/dont-work-for-assholes.de\/jobby\/wp-json\/wp\/v2\/pages\/82\/revisions"}],"predecessor-version":[{"id":189,"href":"https:\/\/dont-work-for-assholes.de\/jobby\/wp-json\/wp\/v2\/pages\/82\/revisions\/189"}],"wp:attachment":[{"href":"https:\/\/dont-work-for-assholes.de\/jobby\/wp-json\/wp\/v2\/media?parent=82"}],"curies":[{"name":"wp","href":"https:\/\/api.w.org\/{rel}","templated":true}]}}