{"id":98,"date":"2024-10-04T17:43:05","date_gmt":"2024-10-04T15:43:05","guid":{"rendered":"https:\/\/dont-work-for-assholes.de\/jobby\/?page_id=98"},"modified":"2024-10-15T06:30:53","modified_gmt":"2024-10-15T04:30:53","slug":"datenschutzhinweise","status":"publish","type":"page","link":"https:\/\/dont-work-for-assholes.de\/jobby\/datenschutzhinweise\/","title":{"rendered":"Datenschutzhinweise"},"content":{"rendered":"\n<h2 class=\"wp-block-heading\">Wer wir sind<\/h2>\n\n\n\n<meta name=\"robots\" content=\"noindex, nofollow, noarchive\">\n\n\n\n<p>Die Adresse unserer Website ist: dont-work-for-assholes.de.<\/p>\n\n\n\n<p>Verantwortlich f\u00fcr die Datenverarbeitung ist:<br>Andreas Renner<br>W\u00f6rther Stra\u00dfe 29<br>13595 Berlin<\/p>\n\n\n\n<p>Email:   info@dont-work-for-assholes.de<br>Phone: 01626415669<\/p>\n\n\n\n<p>Ein Datenschutzbeauftragter muss enstsprechend Art.37 DSGVO i.V.m. \u00a738 BDSG nicht bestellt werden. <\/p>\n\n\n\n<h2 class=\"wp-block-heading\">Besuch der Webseite<\/h2>\n\n\n\n<p>Beim Aufruf unserer Webseite werden durch ihren Browser automatisch ohne ihr Zutun an den Server unserer Webseite gesendet. Diese werden vor\u00fcbergehend in einem sogenannten Logfile gespeichert. Unter den gespeicherten Daten k\u00f6nnen sich befinden:<br>IP-Adresse des anfragenden Ger\u00e4tes, Datum und Uhrzeit des Zugriffes, Name und URL der abgerufenen Dateien, Webseite von der verlinkt wurde, verwendeter Browser und Betriebssystem, Name Ihres Zugangsanbieters.<\/p>\n\n\n\n<p>Die Verarbeitung erfolgt von uns zum Zwecke eines reibungslosen Verbindungsaufbaus, der komfortablen Nutzung der Webseite, Auswertungen zur Systemsicherheit und -stabilit\u00e4t, statistischen Auswertungen und weiteren administrativen Zwecken.<\/p>\n\n\n\n<p>Dar\u00fcber hinaus k\u00f6nnen sogenannte Cookies \u00fcbermittelt und\/oder gesetzt werden. Dies sind kleine Textdateien die auf Ihrem Ger\u00e4t keinen Schaden anrichten. Diese werden entweder bei Beendigung der Sitzung, bei einer automatischen L\u00f6schung durch Ihren Webbrowser oder durch Sie manuell gel\u00f6scht.<\/p>\n\n\n\n<p>Zur Nutzung der Dienstleistungen von Drittanbietern kann es notwendig sein, dass auch von Drittanbietern in der selben Weise Cookies auf Ihrem Ger\u00e4t gespeichert werden.<\/p>\n\n\n\n<p>Cookies k\u00f6nnen verschiedene Zwecke haben. Einige sind technisch notwendig, andere dienen dazu das Nutzerverhalten auszuwerten oder individuelle Inhalte oder Werbung anzuzeigen.<\/p>\n\n\n\n<p>Die Grundlage zur Erhebung, Speicherung, Verarbeitung und Nutzung der angesprochenen Daten und Dateien ist ein berechtigtes Interesse des Webseitenbetreibers an der technisch und wirtschaftlich fehlerfreien und optimierten Bereitstellung seiner Webseite und und erfolgt auf Grundlage von Art.6 Abs.1 DSGVO.<\/p>\n\n\n\n<p>Ihr Browser bietet M\u00f6glichkeiten sie \u00fcber das Setzen von Cookies zu informieren, diese im Einzelfall zu erlauben oder ganz auszuschlie\u00dfen bzw. das automatische L\u00f6schen beim Schlie\u00dfen des Browser zu aktivieren. Die Nutzung der Webseite kann bei Deaktivierung oder Ablehnung von Cookies nur eingeschr\u00e4nkt oder \u00fcberhaupt nicht m\u00f6glich sein.<\/p>\n\n\n\n<h2 class=\"wp-block-heading\">Newsletter und Jobletter<\/h2>\n\n\n\n<p>Sofern Sie sich zu unserem Jobletter oder einem Newsletter angemeldet haben und Sie zu der Verwendung ausdr\u00fccklich nach Art.6 Abs.1 DSGVO eingewilligt haben verwenden wir Ihre Email-Adresse und ggf. den angegebenen Namen dazu Ihnen den jeweiligen Letter zu \u00fcbersenden. Sollte ein Name angegeben werden kann dieser frei gew\u00e4hlt werden.<\/p>\n\n\n\n<p>Melden Sie sich zu unserem Jobletter oder einem Newsletter an werden die von Ihnen eingegebenen Daten an den Verantwortlichen \u00fcbermittelt und gespeichert. Die Anmeldung erfolgt soweit m\u00f6glich in einem Double-Opt-In-Verfahren. Hier bekommen Sie nach Anmeldung eine Email um den Anmeldevorgang zu best\u00e4tigen. Dies soll verhindern, dass sich eine fremde Person mit ihre Email anmeldet.<\/p>\n\n\n\n<p>Bei der Anmeldung und\/oder Best\u00e4tigung werden die IP-Adresse, Datum und Uhrzeit der Registrierung,  evtl. Ihre Zustimmung zur Datennutzung und erfolgte Best\u00e4tigung gespeichert. Dies erfolgt um die Funktionsf\u00e4higkeit sicher zu stellen und Missbrauch der Dienste und Ihrer Email-Adresse sicher zu stellen. Die Daten werden ausschlie\u00dflich zum Versenden von Informationen an Sie verwendet. Eine Weitergabe an Dritte erfolgt nur, wenn eine gesetzliche Verpflichtung dazu besteht.<\/p>\n\n\n\n<h2 class=\"wp-block-heading\">Email<\/h2>\n\n\n\n<p>Wenn Sie per Email oder ein Formular Kontakt mit uns aufnehmen speichern wir diese Email und Ihre Email-Adresse um Ihr Anliegen bearbeiten und beantworten zu k\u00f6nnen. <\/p>\n\n\n\n<p>Die Datenverarbeitung zum Zwecke der Kontaktaufnahme und Kommunikation mit uns erfolgt nach Art.6 Abs.1 DSGVO aufgrund Ihrer freiwillig erteilten Einwilligung.<\/p>\n\n\n\n<h2 class=\"wp-block-heading\">Weitergabe von Daten<\/h2>\n\n\n\n<p>Ein Weitergabe Ihrer pers\u00f6nlichen Daten an Dritte erfolgt in den im Folgenden aufgez\u00e4hlten F\u00e4llen:<br>Ihrer erfolgten ausdr\u00fcckliche Einwilligung nach Art.6 Abs.1 S.1 a) DSGVO.<br>Die Weitergabe nach Art.6 Abs.1 S.1 f) DSGVO zur Geltendmachung, Aus\u00fcbung, Durchsetzung oder Verteidigung von Ansp\u00fcchen erforderlich ist und keine Grund zur Annahme vorliegt, dass Sie ein \u00fcberwiegendes schutzw\u00fcrdiges Interesse haben das der Weitergabe entgegenspricht.<br>Dass f\u00fcr eine Weitergabe entsprechend Art.1 Abs.1 S.1 c) DSGVO eine gesetzliche Verpflichtung besteht und diese zul\u00e4ssig ist.<br>Dass die Weitergabe nach Art.6 Abs.1 S.1 b) f\u00fcr die Abwicklung von Vertragsverh\u00e4ltnissen mit Ihnen erforderlich ist.<\/p>\n\n\n\n<h2 class=\"wp-block-heading\">Betroffenenrechte<\/h2>\n\n\n\n<p>Sie haben das Recht:<\/p>\n\n\n\n<ul class=\"wp-block-list\">\n<li>gem\u00e4\u00df Art. 15 DSGVO Auskunft \u00fcber Ihre von uns verarbeiteten personenbezogenen Daten zu verlangen. Insbesondere k\u00f6nnen Sie Auskunft \u00fcber die Verarbeitungszwecke, die Kategorie der personenbezogenen Daten, die Kategorien von Empf\u00e4ngern, gegen\u00fcber denen Ihre Daten offengelegt wurden oder werden, die geplante Speicherdauer, das Bestehen eines Rechts auf Berichtigung, L\u00f6schung, Einschr\u00e4nkung der Verarbeitung oder Widerspruch, das Bestehen eines Beschwerderechts, die Herkunft ihrer Daten, sofern diese nicht bei uns erhoben wurden, sowie \u00fcber das Bestehen einer automatisierten Entscheidungsfindung einschlie\u00dflich Profiling und ggf. aussagekr\u00e4ftigen Informationen zu deren Einzelheiten verlangen<\/li>\n\n\n\n<li>gem\u00e4\u00df Art. 16 DSGVO unverz\u00fcglich die Berichtigung unrichtiger oder Vervollst\u00e4ndigung Ihrer bei uns gespeicherten personenbezogenen Daten zu verlangen<\/li>\n\n\n\n<li>gem\u00e4\u00df Art. 17 DSGVO die L\u00f6schung Ihrer bei uns gespeicherten personenbezogenen Daten zu verlangen, soweit nicht die Verarbeitung zur Aus\u00fcbung des Rechts auf freie Meinungs\u00e4u\u00dferung und Information, zur Erf\u00fcllung einer rechtlichen Verpflichtung, aus Gr\u00fcnden des \u00f6ffentlichen Interesses oder zur Geltendmachung, Aus\u00fcbung oder Verteidigung von Rechtsanspr\u00fcchen erforderlich ist<\/li>\n\n\n\n<li>gem\u00e4\u00df Art. 18 DSGVO die Einschr\u00e4nkung der Verarbeitung Ihrer personenbezogenen Daten zu verlangen, soweit die Richtigkeit der Daten von Ihnen bestritten wird, die Verarbeitung unrechtm\u00e4\u00dfig ist, Sie aber deren L\u00f6schung ablehnen und wir die Daten nicht mehr ben\u00f6tigen, Sie jedoch diese zur Geltendmachung, Aus\u00fcbung oder Verteidigung von Rechtsanspr\u00fcchen ben\u00f6tigen oder Sie gem\u00e4\u00df Art. 21 DSGVO Widerspruch gegen die Verarbeitung eingelegt haben<\/li>\n\n\n\n<li>gem\u00e4\u00df Art. 20 DSGVO Ihre personenbezogenen Daten, die Sie uns bereitgestellt haben, in einem strukturierten, g\u00e4ngigen und maschinenlesebaren Format zu erhalten oder die \u00dcbermittlung an einen anderen Verantwortlichen zu verlangen<\/li>\n\n\n\n<li>gem\u00e4\u00df Art. 7 Abs. 3 DSGVO Ihre einmal erteilte Einwilligung jederzeit gegen\u00fcber uns zu widerrufen. Dies hat zur Folge, dass wir die Datenverarbeitung, die auf dieser Einwilligung beruhte, f\u00fcr die Zukunft nicht mehr fortf\u00fchren d\u00fcrfen und<\/li>\n\n\n\n<li>gem\u00e4\u00df Art. 77 DSGVO sich bei einer Aufsichtsbeh\u00f6rde zu beschweren. In der Regel k\u00f6nnen Sie sich hierf\u00fcr an die Aufsichtsbeh\u00f6rde Ihres \u00fcblichen Aufenthaltsortes oder Arbeitsplatzes oder unseres Gesch\u00e4ftssitzes wenden.<\/li>\n<\/ul>\n\n\n\n<h2 class=\"wp-block-heading\">Widerspruchsrecht<\/h2>\n\n\n\n<p>Sofern Ihre personenbezogenen Daten auf Grundlage von berechtigten Interessen gem\u00e4\u00df Art. 6 Abs. 1 S. 1 lit. f DSGVO verarbeitet werden, haben Sie das Recht, gem\u00e4\u00df Art. 21 DSGVO Widerspruch gegen die Verarbeitung Ihrer personenbezogenen Daten einzulegen, soweit daf\u00fcr Gr\u00fcnde vorliegen, die sich aus Ihrer besonderen Situation ergeben oder sich der Widerspruch gegen Direktwerbung richtet. Im letzteren Fall haben Sie ein generelles Widerspruchsrecht, das ohne Angabe einer besonderen Situation von uns umgesetzt wird.<\/p>\n\n\n\n<p>M\u00f6chten Sie von Ihrem Widerrufs- oder Widerspruchsrecht Gebrauch machen, gen\u00fcgt eine E-Mail an info@dont-work-for-assholes.de.<\/p>\n\n\n\n<h2 class=\"wp-block-heading\">Community-Funktionen<\/h2>\n\n\n\n<h3 class=\"wp-block-heading\">Kommentare<\/h3>\n\n\n\n<p>Wenn Besucher Kommentare auf der Website schreiben, sammeln wir die Daten, die im Kommentar-Formular angezeigt werden, au\u00dferdem die IP-Adresse des Besuchers und den User-Agent-String (damit wird der Browser identifiziert), um die Erkennung von Spam zu unterst\u00fctzen.<\/p>\n\n\n\n<p>Aus deiner E-Mail-Adresse kann eine anonymisierte Zeichenfolge erstellt (auch Hash genannt) und dem Gravatar-Dienst \u00fcbergeben werden, um zu pr\u00fcfen, ob du diesen benutzt. Die Datenschutzerkl\u00e4rung des Gravatar-Dienstes findest du hier: https:\/\/automattic.com\/privacy\/. Nachdem dein Kommentar freigegeben wurde, ist dein Profilbild \u00f6ffentlich im Kontext deines Kommentars sichtbar.<\/p>\n\n\n\n<h3 class=\"wp-block-heading\">Medien<\/h3>\n\n\n\n<p>Wenn du ein registrierter Benutzer bist und Fotos auf diese Website l\u00e4dst, solltest du vermeiden, Fotos mit einem EXIF-GPS-Standort hochzuladen. Besucher dieser Website k\u00f6nnten Fotos, die auf dieser Website gespeichert sind, herunterladen und deren Standort-Informationen extrahieren.<\/p>\n\n\n\n<h3 class=\"wp-block-heading\">Cookies<\/h3>\n\n\n\n<p>Wenn du einen Kommentar auf unserer Website schreibst, kann das eine Einwilligung sein, deinen Namen, E-Mail-Adresse und Website in Cookies zu speichern. Dies ist eine Komfortfunktion, damit du nicht, wenn du einen weiteren Kommentar schreibst, all diese Daten erneut eingeben musst. Diese Cookies werden ein Jahr lang gespeichert.<\/p>\n\n\n\n<p>Falls du ein Konto hast und dich auf dieser Website anmeldest, werden wir ein tempor\u00e4res Cookie setzen, um festzustellen, ob dein Browser Cookies akzeptiert. Dieses Cookie enth\u00e4lt keine personenbezogenen Daten und wird verworfen, wenn du deinen Browser schlie\u00dft.<\/p>\n\n\n\n<p>Wenn du dich anmeldest, werden wir einige Cookies einrichten, um deine Anmeldeinformationen und Anzeigeoptionen zu speichern. Anmelde-Cookies verfallen nach zwei Tagen und Cookies f\u00fcr die Anzeigeoptionen nach einem Jahr. Falls du bei der Anmeldung \u201eAngemeldet bleiben\u201c ausw\u00e4hlst, wird deine Anmeldung zwei Wochen lang aufrechterhalten. Mit der Abmeldung aus deinem Konto werden die Anmelde-Cookies gel\u00f6scht.<\/p>\n\n\n\n<p>Wenn du einen Artikel bearbeitest oder ver\u00f6ffentlichst, wird ein zus\u00e4tzlicher Cookie in deinem Browser gespeichert. Dieser Cookie enth\u00e4lt keine personenbezogenen Daten und verweist nur auf die Beitrags-ID des Artikels, den du gerade bearbeitet hast. Der Cookie verf\u00e4llt nach einem Tag.<\/p>\n\n\n\n<h3 class=\"wp-block-heading\">Eingebettete Inhalte von anderen Websites<\/h3>\n\n\n\n<p>Beitr\u00e4ge auf dieser Website k\u00f6nnen eingebettete Inhalte beinhalten (z.&nbsp;B. Videos, Bilder, Beitr\u00e4ge etc.). Eingebettete Inhalte von anderen Websites verhalten sich exakt so, als ob der Besucher die andere Website besucht h\u00e4tte.<\/p>\n\n\n\n<p>Diese Websites k\u00f6nnen Daten \u00fcber dich sammeln, Cookies benutzen, zus\u00e4tzliche Tracking-Dienste von Dritten einbetten und deine Interaktion mit diesem eingebetteten Inhalt aufzeichnen, inklusive deiner Interaktion mit dem eingebetteten Inhalt, falls du ein Konto hast und auf dieser Website angemeldet bist.<\/p>\n\n\n\n<h3 class=\"wp-block-heading\">Mit wem wir deine Daten teilen<\/h3>\n\n\n\n<p>Wenn du eine Zur\u00fccksetzung des Passworts beantragst, wird deine IP-Adresse in der E-Mail zur Zur\u00fccksetzung enthalten sein.<\/p>\n\n\n\n<h3 class=\"wp-block-heading\">Wie lange wir deine Daten speichern<\/h3>\n\n\n\n<p>Wenn du einen Kommentar schreibst, wird dieser inklusive Metadaten zeitlich unbegrenzt gespeichert. Auf diese Art k\u00f6nnen wir Folgekommentare automatisch erkennen und freigeben, anstatt sie in einer Moderations-Warteschlange festzuhalten.<\/p>\n\n\n\n<p>F\u00fcr Benutzer, die sich auf unserer Website registrieren, speichern wir zus\u00e4tzlich die pers\u00f6nlichen Informationen, die sie in ihren Benutzerprofilen angeben. Alle Benutzer k\u00f6nnen jederzeit ihre pers\u00f6nlichen Informationen einsehen, ver\u00e4ndern oder l\u00f6schen (der Benutzername kann nicht ver\u00e4ndert werden). Administratoren der Website k\u00f6nnen diese Informationen ebenfalls einsehen und ver\u00e4ndern.<\/p>\n\n\n\n<h3 class=\"wp-block-heading\">Welche Rechte du an deinen Daten hast<\/h3>\n\n\n\n<p>Wenn du ein Konto auf dieser Website besitzt oder Kommentare geschrieben hast, kannst du einen Export deiner personenbezogenen Daten bei uns anfordern, inklusive aller Daten, die du uns mitgeteilt hast. Dar\u00fcber hinaus kannst du die L\u00f6schung aller personenbezogenen Daten, die wir von dir gespeichert haben, anfordern. Dies umfasst nicht die Daten, die wir aufgrund administrativer, rechtlicher oder sicherheitsrelevanter Notwendigkeiten aufbewahren m\u00fcssen.<\/p>\n\n\n\n<h3 class=\"wp-block-heading\">Wohin deine Daten gesendet werden<\/h3>\n\n\n\n<p>Besucher-Kommentare k\u00f6nnten von einem automatisierten Dienst zur Spam-Erkennung untersucht werden.<\/p>\n","protected":false},"excerpt":{"rendered":"<p>Wer wir sind Die Adresse unserer Website ist: dont-work-for-assholes.de. Verantwortlich f\u00fcr die Datenverarbeitung ist:Andreas RennerW\u00f6rther Stra\u00dfe 2913595 Berlin Email: info@dont-work-for-assholes.dePhone: 01626415669 Ein Datenschutzbeauftragter muss enstsprechend Art.37 DSGVO i.V.m. \u00a738 BDSG nicht bestellt werden. Besuch der Webseite Beim Aufruf unserer Webseite werden durch ihren Browser automatisch ohne ihr Zutun an den Server unserer Webseite gesendet. Diese [&hellip;]<\/p>\n","protected":false},"author":1,"featured_media":0,"parent":0,"menu_order":0,"comment_status":"closed","ping_status":"closed","template":"","meta":{"footnotes":""},"class_list":["post-98","page","type-page","status-publish","hentry"],"_links":{"self":[{"href":"https:\/\/dont-work-for-assholes.de\/jobby\/wp-json\/wp\/v2\/pages\/98","targetHints":{"allow":["GET"]}}],"collection":[{"href":"https:\/\/dont-work-for-assholes.de\/jobby\/wp-json\/wp\/v2\/pages"}],"about":[{"href":"https:\/\/dont-work-for-assholes.de\/jobby\/wp-json\/wp\/v2\/types\/page"}],"author":[{"embeddable":true,"href":"https:\/\/dont-work-for-assholes.de\/jobby\/wp-json\/wp\/v2\/users\/1"}],"replies":[{"embeddable":true,"href":"https:\/\/dont-work-for-assholes.de\/jobby\/wp-json\/wp\/v2\/comments?post=98"}],"version-history":[{"count":8,"href":"https:\/\/dont-work-for-assholes.de\/jobby\/wp-json\/wp\/v2\/pages\/98\/revisions"}],"predecessor-version":[{"id":244,"href":"https:\/\/dont-work-for-assholes.de\/jobby\/wp-json\/wp\/v2\/pages\/98\/revisions\/244"}],"wp:attachment":[{"href":"https:\/\/dont-work-for-assholes.de\/jobby\/wp-json\/wp\/v2\/media?parent=98"}],"curies":[{"name":"wp","href":"https:\/\/api.w.org\/{rel}","templated":true}]}}